{"id":2690,"date":"2020-08-16T09:33:15","date_gmt":"2020-08-16T06:33:15","guid":{"rendered":"https:\/\/traficon.fi\/frontsidan\/"},"modified":"2021-01-18T11:55:19","modified_gmt":"2021-01-18T09:55:19","slug":"frontsidan","status":"publish","type":"page","link":"https:\/\/www.traficon.fi\/sv\/","title":{"rendered":"FRONTSIDAN"},"content":{"rendered":"<p>[vc_row full_width=&#8221;stretch_row_content_no_spaces&#8221;][vc_column][rev_slider_vc alias=&#8221;etusivu-se&#8221;][\/vc_column][\/vc_row][vc_row el_class=&#8221;pad95-100-top-bottom&#8221;][vc_column][vc_row_inner equal_height=&#8221;yes&#8221;][vc_column_inner el_class=&#8221;whowearelay1&#8243; width=&#8221;1\/2&#8243; css=&#8221;.vc_custom_1571658292280{padding-top: 1em !important;padding-right: 2em !important;padding-left: 2em !important;background-color: #ffc000 !important;}&#8221;][vc_custom_heading text=&#8221;TRAFICON AB&#8221; use_theme_fonts=&#8221;yes&#8221;][vc_column_text]<\/p>\n<p class=\"fnt-17\">Traficon \u00e4r den ledande konsulten i Finland inom planering av trafik, traffic management och s\u00e4kerhet. Traficon \u00e4r 100 % finl\u00e4ndskt och 100 % \u00e4gt av personalen. Vi har framg\u00e5ngsrikt genomf\u00f6rt mer 1700 projekt under de senaste 30 \u00e5ren. Vi v\u00e5gar vara annorlunda och s\u00f6ker de b\u00e4sta teknisk-ekonomiska l\u00f6sningarna f\u00f6r v\u00e5ra kunder. Kunnandet h\u00e4rr\u00f6r fr\u00e5n en akademisk ingenj\u00f6rsk\u00e5r, som best\u00e5r av m\u00e5nga inom sina specialgebit internationellt erk\u00e4nda experter.<\/p>\n<p>[\/vc_column_text][vc_column_text css_animation=&#8221;fadeInRight&#8221;]<\/p>\n<p class=\"fnt-17\"><em>\u201dVi lovar inte vad som helst. Men det vi lovar, g\u00f6r vi b\u00e4ttre \u00e4n andra.\u201d<\/em><\/p>\n<p>[\/vc_column_text][vc_raw_html]JTNDYSUyMGhyZWYlM0QlMjIlMjMlMjIlMjBjbGFzcyUzRCUyMmhlYWRlci1yZXF1ZXN0YnRuJTIwbGVhcm4tbW9yZSUyMGh2ci1ib3VuY2UtdG8tcmlnaHQlMjIlMjBkYXRhLXN0eWxlcmVjb3JkZXIlM0QlMjJ0cnVlJTIyJTIwc3R5bGUlM0QlMjJ0ZXh0LWFsaWduJTNBJTIwbGVmdCUzQiUyMGxpbmUtaGVpZ2h0JTNBJTIwMjRweCUzQiUyMGxldHRlci1zcGFjaW5nJTNBJTIwMHB4JTNCJTIwZm9udC13ZWlnaHQlM0ElMjA2MDAlM0IlMjBib3JkZXItY29sb3IlM0ElMjByZ2IlMjgyNTUlMkMlMjAyNTUlMkMlMjAyNTUlMjklM0IlMjBtYXJnaW4lM0ElMjAzcHglMjAxMHB4JTIwM3B4JTIwMHB4JTNCJTIwYm9yZGVyLXJhZGl1cyUzQSUyMDBweCUzQiUyMHBhZGRpbmclM0ElMjAxNHB4JTIwMTBweCUzQiUyMiUzRWwlQzMlQTRzJTIwbWVyJTNDJTJGYSUzRQ==[\/vc_raw_html][\/vc_column_inner][vc_column_inner el_class=&#8221;why-choose&#8221; width=&#8221;1\/2&#8243;][vc_single_image image=&#8221;2693&#8243; img_size=&#8221;full&#8221;][\/vc_column_inner][\/vc_row_inner][\/vc_column][\/vc_row][vc_row full_width=&#8221;stretch_row_content_no_spaces&#8221; css=&#8221;.vc_custom_1581331534081{background-image: url(https:\/\/traficon.fi\/wp-content\/uploads\/2019\/10\/shutterstock_756478915-e1581331447471.jpg?id=1504) !important;background-position: center !important;background-repeat: no-repeat !important;background-size: cover !important;}&#8221; el_class=&#8221;home2 bestthing-section&#8221;][vc_column][tmc_single_section layout=&#8221;bestthing_in_wordpress&#8221; title=&#8221;SPECIALKOMPETENSER INOM&#8221; title_two=&#8221;TRAFICON AB&#8221; description_one=&#8221;V\u00e5ra specialkompetenser inkluderar traffic management, trafikstyrning (trafiksignaler, v\u00e4gvisning, trafikantinformationssystem), ITS (intelligenta trafiksystem), v\u00e4gavgifter och tunnels\u00e4kerhet (brands\u00e4kerhet, riskanalyser, s\u00e4kerhetsplaner). Inom dessa omr\u00e5den \u00e4r Traficon den ledande konsulten i Finland.&#8221;]We went above and beyond to create a fantastic experience. Perfectly crafted to suite your industrial business with almost unlimited options to get almost unlimited options.[\/tmc_single_section][\/vc_column][\/vc_row][vc_row el_class=&#8221;pad95-50-top-bottom&#8221;][vc_column css=&#8221;.vc_custom_1525097960339{padding-top: 0px !important;padding-right: 0px !important;padding-left: 0px !important;}&#8221;][tmc_services layout=&#8221;layout2&#8243; orderby=&#8221;date&#8221; order=&#8221;ASC&#8221; number=&#8221;5&#8243; column=&#8221;3&#8243; read_more=&#8221;L\u00e4s mer&#8221;][\/vc_column][\/vc_row][vc_row full_width=&#8221;stretch_row&#8221; el_class=&#8221;home2 recent-project-section projectsec2 our-proj etusivu-ref&#8221; css=&#8221;.vc_custom_1576590175340{background-image: url(http:\/\/www.themechampion.com\/demo\/indofact\/wp-content\/uploads_blur\/2018\/08\/project_bg.jpg?id=1132) !important;background-position: center !important;background-repeat: no-repeat !important;background-size: cover !important;}&#8221;][vc_column el_class=&#8221;container&#8221; css=&#8221;.vc_custom_1525243110879{padding-top: 0px !important;}&#8221;][tmc_projects layout=&#8221;projects_layout_two&#8221; title_check=&#8221;yes&#8221; number=&#8221;25&#8243; read_more=&#8221;L\u00e4s mer&#8221; column=&#8221;4&#8243; project_title=&#8221;Referenser&#8221;][\/vc_column][\/vc_row][vc_row][vc_column][vc_empty_space height=&#8221;50px&#8221;][tmc_client][vc_empty_space height=&#8221;70px&#8221; el_class=&#8221;home2-emptyclient&#8221;][\/vc_column][\/vc_row]<\/p>\n","protected":false},"excerpt":{"rendered":"<p>[vc_row full_width=&#8221;stretch_row_content_no_spaces&#8221;][vc_column][rev_slider_vc alias=&#8221;etusivu-se&#8221;][\/vc_column][\/vc_row][vc_row el_class=&#8221;pad95-100-top-bottom&#8221;][vc_column][vc_row_inner equal_height=&#8221;yes&#8221;][vc_column_inner el_class=&#8221;whowearelay1&#8243; width=&#8221;1\/2&#8243; css=&#8221;.vc_custom_1571658292280{padding-top: 1em !important;padding-right: 2em !important;padding-left: 2em !important;background-color: #ffc000 !important;}&#8221;][vc_custom_heading text=&#8221;TRAFICON AB&#8221; use_theme_fonts=&#8221;yes&#8221;][vc_column_text] Traficon \u00e4r den ledande konsulten i Finland inom planering av trafik, traffic management och s\u00e4kerhet. Traficon \u00e4r 100 % finl\u00e4ndskt och 100 % \u00e4gt av personalen. Vi har framg\u00e5ngsrikt genomf\u00f6rt mer 1700 projekt under de senaste [&hellip;]<\/p>\n","protected":false},"author":1,"featured_media":0,"parent":0,"menu_order":0,"comment_status":"closed","ping_status":"closed","template":"","meta":{"_monsterinsights_skip_tracking":false,"_monsterinsights_sitenote_active":false,"_monsterinsights_sitenote_note":"","_monsterinsights_sitenote_category":0},"_links":{"self":[{"href":"https:\/\/www.traficon.fi\/sv\/wp-json\/wp\/v2\/pages\/2690"}],"collection":[{"href":"https:\/\/www.traficon.fi\/sv\/wp-json\/wp\/v2\/pages"}],"about":[{"href":"https:\/\/www.traficon.fi\/sv\/wp-json\/wp\/v2\/types\/page"}],"author":[{"embeddable":true,"href":"https:\/\/www.traficon.fi\/sv\/wp-json\/wp\/v2\/users\/1"}],"replies":[{"embeddable":true,"href":"https:\/\/www.traficon.fi\/sv\/wp-json\/wp\/v2\/comments?post=2690"}],"version-history":[{"count":0,"href":"https:\/\/www.traficon.fi\/sv\/wp-json\/wp\/v2\/pages\/2690\/revisions"}],"wp:attachment":[{"href":"https:\/\/www.traficon.fi\/sv\/wp-json\/wp\/v2\/media?parent=2690"}],"curies":[{"name":"wp","href":"https:\/\/api.w.org\/{rel}","templated":true}]}}