{"id":2698,"date":"2020-08-16T09:37:57","date_gmt":"2020-08-16T06:37:57","guid":{"rendered":"https:\/\/traficon.fi\/foretaget\/"},"modified":"2022-03-02T14:56:41","modified_gmt":"2022-03-02T12:56:41","slug":"foretaget","status":"publish","type":"page","link":"https:\/\/www.traficon.fi\/sv\/foretaget\/","title":{"rendered":"F\u00d6RETAGET"},"content":{"rendered":"<p>[vc_row el_class=&#8221;pad50-top-bottom floatLeft&#8221;][vc_column][vc_column_text]Traficon \u00e4r en oberoende konsultbyr\u00e5, som koncentrerar sig p\u00e5 trafikplanering och -s\u00e4kerhet. Vi har satsat p\u00e5 spetskompetens i \u00f6ver 30 \u00e5r. Vi \u00e4r pionj\u00e4rer inom v\u00e5rt omr\u00e5de och har kraftfullt bidragit till branschens utveckling tillsammans med v\u00e5ra huvudklienter. Traficons historia omfattar mer \u00e4n 1700 lyckade projekt och vi \u00e4r marknadsledare inom v\u00e5rt specialgebit. F\u00f6r oss har det varit viktigt att vara ett privat, smidigt och 100 % finl\u00e4ndskt f\u00f6retag. F\u00f6retaget \u00e4r till 100 % \u00e4gt av sin personal.<\/p>\n<p>Traficon erbjuder idag fler specialisttj\u00e4nster inom ett bredare omr\u00e5de \u00e4n n\u00e5gonsin tidigare. Rekrytering av toppspecialister med internationell anknytning har ytterligare vidgat v\u00e5rt tj\u00e4nsteutbud. Strategiska partnerskap med internationella toppexperter m\u00f6jligg\u00f6r ett ytterligare vidgat utbud till v\u00e5ra klienter.[\/vc_column_text][\/vc_column][\/vc_row][vc_row][vc_column width=&#8221;1\/2&#8243;][vc_column_text]<\/p>\n<ul>\n<li>Ett oberoende pionj\u00e4rf\u00f6retag i Finland grundat \u00e5r 1989<\/li>\n<li>100 % finl\u00e4ndskt och hel\u00e4gt av personalen<\/li>\n<li>15 ingenj\u00f6rer, fr\u00e4mst akademiker; d\u00e4rut\u00f6ver strategiska partnerskap med internationella toppexperter<\/li>\n<li>Oms\u00e4ttning 1,5 M\u20ac (2021)<\/li>\n<li>Soliditet: AAA (2019)<\/li>\n<li>Kunnandet baseras p\u00e5 erfarna experter, som mestadels har akademisk grund- eller forts\u00e4ttningsexamen<\/li>\n<li>Mer \u00e4n 1700 projekt tillsammans med l\u00e5ngvariga klienter<\/li>\n<li>Kontor i Helsingforsregionen (Esbo)<\/li>\n<li>Medlem av SKOL rf (Planerings- och konsultbyr\u00e5ernas f\u00f6rbund) sedan 1990<\/li>\n<li>P\u00e5litlig partner registrerad i tj\u00e4nsten Vastuugroup.fi<\/li>\n<\/ul>\n<p>[\/vc_column_text][\/vc_column][vc_column width=&#8221;1\/2&#8243;][\/vc_column][\/vc_row][vc_row el_class=&#8221;experiecnce-section&#8221;][vc_column][tmc_client][\/vc_column][\/vc_row]<\/p>\n","protected":false},"excerpt":{"rendered":"<p>[vc_row el_class=&#8221;pad50-top-bottom floatLeft&#8221;][vc_column][vc_column_text]Traficon \u00e4r en oberoende konsultbyr\u00e5, som koncentrerar sig p\u00e5 trafikplanering och -s\u00e4kerhet. Vi har satsat p\u00e5 spetskompetens i \u00f6ver 30 \u00e5r. Vi \u00e4r pionj\u00e4rer inom v\u00e5rt omr\u00e5de och har kraftfullt bidragit till branschens utveckling tillsammans med v\u00e5ra huvudklienter. Traficons historia omfattar mer \u00e4n 1700 lyckade projekt och vi \u00e4r marknadsledare inom v\u00e5rt specialgebit. [&hellip;]<\/p>\n","protected":false},"author":1,"featured_media":0,"parent":0,"menu_order":0,"comment_status":"closed","ping_status":"closed","template":"","meta":{"_monsterinsights_skip_tracking":false,"_monsterinsights_sitenote_active":false,"_monsterinsights_sitenote_note":"","_monsterinsights_sitenote_category":0},"_links":{"self":[{"href":"https:\/\/www.traficon.fi\/sv\/wp-json\/wp\/v2\/pages\/2698"}],"collection":[{"href":"https:\/\/www.traficon.fi\/sv\/wp-json\/wp\/v2\/pages"}],"about":[{"href":"https:\/\/www.traficon.fi\/sv\/wp-json\/wp\/v2\/types\/page"}],"author":[{"embeddable":true,"href":"https:\/\/www.traficon.fi\/sv\/wp-json\/wp\/v2\/users\/1"}],"replies":[{"embeddable":true,"href":"https:\/\/www.traficon.fi\/sv\/wp-json\/wp\/v2\/comments?post=2698"}],"version-history":[{"count":3,"href":"https:\/\/www.traficon.fi\/sv\/wp-json\/wp\/v2\/pages\/2698\/revisions"}],"predecessor-version":[{"id":2877,"href":"https:\/\/www.traficon.fi\/sv\/wp-json\/wp\/v2\/pages\/2698\/revisions\/2877"}],"wp:attachment":[{"href":"https:\/\/www.traficon.fi\/sv\/wp-json\/wp\/v2\/media?parent=2698"}],"curies":[{"name":"wp","href":"https:\/\/api.w.org\/{rel}","templated":true}]}}