{"id":2701,"date":"2020-08-16T09:38:45","date_gmt":"2020-08-16T06:38:45","guid":{"rendered":"https:\/\/traficon.fi\/tjanster\/"},"modified":"2020-08-16T12:03:00","modified_gmt":"2020-08-16T09:03:00","slug":"tjanster","status":"publish","type":"page","link":"https:\/\/www.traficon.fi\/sv\/tjanster\/","title":{"rendered":"TJ\u00c4NSTER"},"content":{"rendered":"<p>[vc_row el_class=&#8221;pad100-50-top-bottom floatLeft&#8221;][vc_column css=&#8221;.vc_custom_1536755519835{padding-right: 0px !important;padding-left: 0px !important;}&#8221; el_class=&#8221;service_page&#8221;][tmc_single_section layout=&#8221;heading_text_two&#8221; title=&#8221;TJ\u00c4NSTER&#8221; el_class=&#8221;service-head other-heading&#8221;]Traficon har ett m\u00e5ngsidigt utbud av planerings- och konsulteringstj\u00e4nster inom trafiksektorn. Vi b\u00f6rjade f\u00f6r 30 \u00e5r sedan med traditionell trafikplanering och trafiksignaler. Numera t\u00e4cker vi m\u00e5nga fler delomr\u00e5den inkl. forskning och utveckling och ger till och med byggherreservice vid realisering av t.ex. styrsystem inom trafiken.\u00a0 [\/tmc_single_section][tmc_services layout=&#8221;layout2&#8243; orderby=&#8221;date&#8221; order=&#8221;ASC&#8221; categoriesname=&#8221;Palvelut&#8221; number=&#8221;6&#8243; column=&#8221;3&#8243; read_more=&#8221;L\u00e4s mer&#8221;][\/vc_column][\/vc_row]<\/p>\n","protected":false},"excerpt":{"rendered":"<p>[vc_row el_class=&#8221;pad100-50-top-bottom floatLeft&#8221;][vc_column css=&#8221;.vc_custom_1536755519835{padding-right: 0px !important;padding-left: 0px !important;}&#8221; el_class=&#8221;service_page&#8221;][tmc_single_section layout=&#8221;heading_text_two&#8221; title=&#8221;TJ\u00c4NSTER&#8221; el_class=&#8221;service-head other-heading&#8221;]Traficon har ett m\u00e5ngsidigt utbud av planerings- och konsulteringstj\u00e4nster inom trafiksektorn. Vi b\u00f6rjade f\u00f6r 30 \u00e5r sedan med traditionell trafikplanering och trafiksignaler. Numera t\u00e4cker vi m\u00e5nga fler delomr\u00e5den inkl. forskning och utveckling och ger till och med byggherreservice vid realisering av t.ex. styrsystem [&hellip;]<\/p>\n","protected":false},"author":1,"featured_media":0,"parent":0,"menu_order":0,"comment_status":"closed","ping_status":"closed","template":"","meta":{"_monsterinsights_skip_tracking":false,"_monsterinsights_sitenote_active":false,"_monsterinsights_sitenote_note":"","_monsterinsights_sitenote_category":0},"_links":{"self":[{"href":"https:\/\/www.traficon.fi\/sv\/wp-json\/wp\/v2\/pages\/2701"}],"collection":[{"href":"https:\/\/www.traficon.fi\/sv\/wp-json\/wp\/v2\/pages"}],"about":[{"href":"https:\/\/www.traficon.fi\/sv\/wp-json\/wp\/v2\/types\/page"}],"author":[{"embeddable":true,"href":"https:\/\/www.traficon.fi\/sv\/wp-json\/wp\/v2\/users\/1"}],"replies":[{"embeddable":true,"href":"https:\/\/www.traficon.fi\/sv\/wp-json\/wp\/v2\/comments?post=2701"}],"version-history":[{"count":0,"href":"https:\/\/www.traficon.fi\/sv\/wp-json\/wp\/v2\/pages\/2701\/revisions"}],"wp:attachment":[{"href":"https:\/\/www.traficon.fi\/sv\/wp-json\/wp\/v2\/media?parent=2701"}],"curies":[{"name":"wp","href":"https:\/\/api.w.org\/{rel}","templated":true}]}}