{"id":2735,"date":"2020-08-16T11:50:23","date_gmt":"2020-08-16T08:50:23","guid":{"rendered":"https:\/\/traficon.fi\/referenser\/"},"modified":"2020-08-16T11:50:23","modified_gmt":"2020-08-16T08:50:23","slug":"referenser","status":"publish","type":"page","link":"https:\/\/www.traficon.fi\/sv\/referenser\/","title":{"rendered":"REFERENSER"},"content":{"rendered":"<p>[vc_row el_class=&#8221;pad100-95-top-bottom floatLeft&#8221;][vc_column][tmc_single_section title=&#8221;REFERENSER&#8221;]Traficon har under 30 \u00e5r genomf\u00f6rt mer \u00e4n 1700 lyckade projekt. P\u00e5 beg\u00e4ran kan vi leverera en lista p\u00e5 referensprojekt. Kontakta <a href=\"mailto:traficon@traficon.fi\">traficon@traficon.fi<\/a>.[\/tmc_single_section][\/vc_column][\/vc_row][vc_row full_width=&#8221;stretch_row_content_no_spaces&#8221;][vc_column][tmc_portfolio orderby=&#8221;date&#8221; order=&#8221;ASC&#8221; number=&#8221;25&#8243; column=&#8221;3&#8243; read_more=&#8221;Katso lis\u00e4tietoja&#8221;][\/vc_column][\/vc_row]<\/p>\n","protected":false},"excerpt":{"rendered":"<p>[vc_row el_class=&#8221;pad100-95-top-bottom floatLeft&#8221;][vc_column][tmc_single_section title=&#8221;REFERENSER&#8221;]Traficon har under 30 \u00e5r genomf\u00f6rt mer \u00e4n 1700 lyckade projekt. P\u00e5 beg\u00e4ran kan vi leverera en lista p\u00e5 referensprojekt. Kontakta traficon@traficon.fi.[\/tmc_single_section][\/vc_column][\/vc_row][vc_row full_width=&#8221;stretch_row_content_no_spaces&#8221;][vc_column][tmc_portfolio orderby=&#8221;date&#8221; order=&#8221;ASC&#8221; number=&#8221;25&#8243; column=&#8221;3&#8243; read_more=&#8221;Katso lis\u00e4tietoja&#8221;][\/vc_column][\/vc_row]<\/p>\n","protected":false},"author":1,"featured_media":0,"parent":0,"menu_order":0,"comment_status":"closed","ping_status":"closed","template":"","meta":{"_monsterinsights_skip_tracking":false,"_monsterinsights_sitenote_active":false,"_monsterinsights_sitenote_note":"","_monsterinsights_sitenote_category":0},"_links":{"self":[{"href":"https:\/\/www.traficon.fi\/sv\/wp-json\/wp\/v2\/pages\/2735"}],"collection":[{"href":"https:\/\/www.traficon.fi\/sv\/wp-json\/wp\/v2\/pages"}],"about":[{"href":"https:\/\/www.traficon.fi\/sv\/wp-json\/wp\/v2\/types\/page"}],"author":[{"embeddable":true,"href":"https:\/\/www.traficon.fi\/sv\/wp-json\/wp\/v2\/users\/1"}],"replies":[{"embeddable":true,"href":"https:\/\/www.traficon.fi\/sv\/wp-json\/wp\/v2\/comments?post=2735"}],"version-history":[{"count":0,"href":"https:\/\/www.traficon.fi\/sv\/wp-json\/wp\/v2\/pages\/2735\/revisions"}],"wp:attachment":[{"href":"https:\/\/www.traficon.fi\/sv\/wp-json\/wp\/v2\/media?parent=2735"}],"curies":[{"name":"wp","href":"https:\/\/api.w.org\/{rel}","templated":true}]}}